{"id":2555,"date":"2025-04-24T16:28:42","date_gmt":"2025-04-24T16:28:42","guid":{"rendered":"https:\/\/develop.spamexperts.com\/about-us"},"modified":"2025-05-20T20:19:03","modified_gmt":"2025-05-20T19:19:03","slug":"about-us","status":"publish","type":"page","link":"https:\/\/develop.spamexperts.com\/pt-br\/about-us","title":{"rendered":"About us"},"content":{"rendered":"","protected":false},"excerpt":{"rendered":"","protected":false},"author":1,"featured_media":0,"parent":0,"menu_order":0,"comment_status":"closed","ping_status":"closed","template":"","meta":{"_acf_changed":false,"inline_featured_image":false,"footnotes":""},"class_list":["post-2555","page","type-page","status-publish","hentry"],"acf":[],"yoast_head":"<!-- This site is optimized with the Yoast SEO Premium plugin v25.2 (Yoast SEO v25.2) - https:\/\/yoast.com\/wordpress\/plugins\/seo\/ -->\n<title>Sobre SpamExperts<\/title>\n<meta name=\"description\" content=\"A N-able\u00ae SpamExperts se orgulha de oferecer servi\u00e7os premium. Estamos comprometidos em oferecer solu\u00e7\u00f5es competitivas centradas nas necessidades dos clientes.\" \/>\n<meta name=\"robots\" content=\"noindex, follow, max-snippet:-1, max-image-preview:large, max-video-preview:-1\" \/>\n<meta property=\"og:locale\" content=\"pt_BR\" \/>\n<meta property=\"og:type\" content=\"article\" \/>\n<meta property=\"og:title\" content=\"About us\" \/>\n<meta property=\"og:description\" content=\"A N-able\u00ae SpamExperts se orgulha de oferecer servi\u00e7os premium. Estamos comprometidos em oferecer solu\u00e7\u00f5es competitivas centradas nas necessidades dos clientes.\" \/>\n<meta property=\"og:url\" content=\"https:\/\/develop.spamexperts.com\/pt-br\/about-us\" \/>\n<meta property=\"og:site_name\" content=\"SpamExperts\" \/>\n<meta property=\"article:modified_time\" content=\"2025-05-20T19:19:03+00:00\" \/>\n<meta name=\"twitter:card\" content=\"summary_large_image\" \/>\n<script type=\"application\/ld+json\" class=\"yoast-schema-graph\">{\"@context\":\"https:\/\/schema.org\",\"@graph\":[{\"@type\":\"WebPage\",\"@id\":\"https:\/\/develop.spamexperts.com\/pt-br\/about-us\",\"url\":\"https:\/\/develop.spamexperts.com\/pt-br\/about-us\",\"name\":\"Sobre SpamExperts\",\"isPartOf\":{\"@id\":\"https:\/\/develop.spamexperts.com\/pt-br\/#website\"},\"datePublished\":\"2025-04-24T16:28:42+00:00\",\"dateModified\":\"2025-05-20T19:19:03+00:00\",\"description\":\"A N-able\u00ae SpamExperts se orgulha de oferecer servi\u00e7os premium. Estamos comprometidos em oferecer solu\u00e7\u00f5es competitivas centradas nas necessidades dos clientes.\",\"breadcrumb\":{\"@id\":\"https:\/\/develop.spamexperts.com\/pt-br\/about-us#breadcrumb\"},\"inLanguage\":\"pt-BR\",\"potentialAction\":[{\"@type\":\"ReadAction\",\"target\":[\"https:\/\/develop.spamexperts.com\/pt-br\/about-us\"]}]},{\"@type\":\"BreadcrumbList\",\"@id\":\"https:\/\/develop.spamexperts.com\/pt-br\/about-us#breadcrumb\",\"itemListElement\":[{\"@type\":\"ListItem\",\"position\":1,\"name\":\"Home\",\"item\":\"https:\/\/develop.spamexperts.com\/pt-br\"},{\"@type\":\"ListItem\",\"position\":2,\"name\":\"About us\"}]},{\"@type\":\"WebSite\",\"@id\":\"https:\/\/develop.spamexperts.com\/pt-br\/#website\",\"url\":\"https:\/\/develop.spamexperts.com\/pt-br\/\",\"name\":\"SpamExperts\",\"description\":\"\",\"potentialAction\":[{\"@type\":\"SearchAction\",\"target\":{\"@type\":\"EntryPoint\",\"urlTemplate\":\"https:\/\/develop.spamexperts.com\/pt-br\/?s={search_term_string}\"},\"query-input\":{\"@type\":\"PropertyValueSpecification\",\"valueRequired\":true,\"valueName\":\"search_term_string\"}}],\"inLanguage\":\"pt-BR\"}]}<\/script>\n<!-- \/ Yoast SEO Premium plugin. -->","yoast_head_json":{"title":"Sobre SpamExperts","description":"A N-able\u00ae SpamExperts se orgulha de oferecer servi\u00e7os premium. Estamos comprometidos em oferecer solu\u00e7\u00f5es competitivas centradas nas necessidades dos clientes.","robots":{"index":"noindex","follow":"follow","max-snippet":"max-snippet:-1","max-image-preview":"max-image-preview:large","max-video-preview":"max-video-preview:-1"},"og_locale":"pt_BR","og_type":"article","og_title":"About us","og_description":"A N-able\u00ae SpamExperts se orgulha de oferecer servi\u00e7os premium. Estamos comprometidos em oferecer solu\u00e7\u00f5es competitivas centradas nas necessidades dos clientes.","og_url":"https:\/\/develop.spamexperts.com\/pt-br\/about-us","og_site_name":"SpamExperts","article_modified_time":"2025-05-20T19:19:03+00:00","twitter_card":"summary_large_image","schema":{"@context":"https:\/\/schema.org","@graph":[{"@type":"WebPage","@id":"https:\/\/develop.spamexperts.com\/pt-br\/about-us","url":"https:\/\/develop.spamexperts.com\/pt-br\/about-us","name":"Sobre SpamExperts","isPartOf":{"@id":"https:\/\/develop.spamexperts.com\/pt-br\/#website"},"datePublished":"2025-04-24T16:28:42+00:00","dateModified":"2025-05-20T19:19:03+00:00","description":"A N-able\u00ae SpamExperts se orgulha de oferecer servi\u00e7os premium. Estamos comprometidos em oferecer solu\u00e7\u00f5es competitivas centradas nas necessidades dos clientes.","breadcrumb":{"@id":"https:\/\/develop.spamexperts.com\/pt-br\/about-us#breadcrumb"},"inLanguage":"pt-BR","potentialAction":[{"@type":"ReadAction","target":["https:\/\/develop.spamexperts.com\/pt-br\/about-us"]}]},{"@type":"BreadcrumbList","@id":"https:\/\/develop.spamexperts.com\/pt-br\/about-us#breadcrumb","itemListElement":[{"@type":"ListItem","position":1,"name":"Home","item":"https:\/\/develop.spamexperts.com\/pt-br"},{"@type":"ListItem","position":2,"name":"About us"}]},{"@type":"WebSite","@id":"https:\/\/develop.spamexperts.com\/pt-br\/#website","url":"https:\/\/develop.spamexperts.com\/pt-br\/","name":"SpamExperts","description":"","potentialAction":[{"@type":"SearchAction","target":{"@type":"EntryPoint","urlTemplate":"https:\/\/develop.spamexperts.com\/pt-br\/?s={search_term_string}"},"query-input":{"@type":"PropertyValueSpecification","valueRequired":true,"valueName":"search_term_string"}}],"inLanguage":"pt-BR"}]}},"_links":{"self":[{"href":"https:\/\/develop.spamexperts.com\/pt-br\/wp-json\/wp\/v2\/pages\/2555","targetHints":{"allow":["GET"]}}],"collection":[{"href":"https:\/\/develop.spamexperts.com\/pt-br\/wp-json\/wp\/v2\/pages"}],"about":[{"href":"https:\/\/develop.spamexperts.com\/pt-br\/wp-json\/wp\/v2\/types\/page"}],"author":[{"embeddable":true,"href":"https:\/\/develop.spamexperts.com\/pt-br\/wp-json\/wp\/v2\/users\/1"}],"replies":[{"embeddable":true,"href":"https:\/\/develop.spamexperts.com\/pt-br\/wp-json\/wp\/v2\/comments?post=2555"}],"version-history":[{"count":1,"href":"https:\/\/develop.spamexperts.com\/pt-br\/wp-json\/wp\/v2\/pages\/2555\/revisions"}],"predecessor-version":[{"id":2556,"href":"https:\/\/develop.spamexperts.com\/pt-br\/wp-json\/wp\/v2\/pages\/2555\/revisions\/2556"}],"wp:attachment":[{"href":"https:\/\/develop.spamexperts.com\/pt-br\/wp-json\/wp\/v2\/media?parent=2555"}],"curies":[{"name":"wp","href":"https:\/\/api.w.org\/{rel}","templated":true}]}}