{"id":2546,"date":"2025-04-23T20:58:53","date_gmt":"2025-04-23T20:58:53","guid":{"rendered":"https:\/\/develop.spamexperts.com\/press-kit"},"modified":"2025-05-20T19:58:10","modified_gmt":"2025-05-20T18:58:10","slug":"press-kit","status":"publish","type":"page","link":"https:\/\/develop.spamexperts.com\/pt-br\/resources\/press-kit","title":{"rendered":"Press Kit"},"content":{"rendered":"","protected":false},"excerpt":{"rendered":"","protected":false},"author":7,"featured_media":0,"parent":2618,"menu_order":0,"comment_status":"closed","ping_status":"closed","template":"","meta":{"_acf_changed":false,"inline_featured_image":false,"footnotes":""},"class_list":["post-2546","page","type-page","status-publish","hentry"],"acf":[],"yoast_head":"<!-- This site is optimized with the Yoast SEO Premium plugin v25.2 (Yoast SEO v25.2) - https:\/\/yoast.com\/wordpress\/plugins\/seo\/ -->\n<title>SpamExperts Kit para Imprensa<\/title>\n<meta name=\"description\" content=\"Fa\u00e7a download do logotipo e dos materiais de marketing da N-able spamexperts para escrever sobre n\u00f3s e informar seus clientes sobre nossos servi\u00e7os.\" \/>\n<meta name=\"robots\" content=\"noindex, follow, max-snippet:-1, max-image-preview:large, max-video-preview:-1\" \/>\n<meta property=\"og:locale\" content=\"pt_BR\" \/>\n<meta property=\"og:type\" content=\"article\" \/>\n<meta property=\"og:title\" content=\"Press Kit\" \/>\n<meta property=\"og:description\" content=\"Fa\u00e7a download do logotipo e dos materiais de marketing da N-able spamexperts para escrever sobre n\u00f3s e informar seus clientes sobre nossos servi\u00e7os.\" \/>\n<meta property=\"og:url\" content=\"https:\/\/develop.spamexperts.com\/pt-br\/resources\/press-kit\" \/>\n<meta property=\"og:site_name\" content=\"SpamExperts\" \/>\n<meta property=\"article:modified_time\" content=\"2025-05-20T18:58:10+00:00\" \/>\n<meta name=\"twitter:card\" content=\"summary_large_image\" \/>\n<script type=\"application\/ld+json\" class=\"yoast-schema-graph\">{\"@context\":\"https:\/\/schema.org\",\"@graph\":[{\"@type\":\"WebPage\",\"@id\":\"https:\/\/develop.spamexperts.com\/pt-br\/resources\/press-kit\",\"url\":\"https:\/\/develop.spamexperts.com\/pt-br\/resources\/press-kit\",\"name\":\"SpamExperts Kit para Imprensa\",\"isPartOf\":{\"@id\":\"https:\/\/develop.spamexperts.com\/pt-br\/#website\"},\"datePublished\":\"2025-04-23T20:58:53+00:00\",\"dateModified\":\"2025-05-20T18:58:10+00:00\",\"description\":\"Fa\u00e7a download do logotipo e dos materiais de marketing da N-able spamexperts para escrever sobre n\u00f3s e informar seus clientes sobre nossos servi\u00e7os.\",\"breadcrumb\":{\"@id\":\"https:\/\/develop.spamexperts.com\/pt-br\/resources\/press-kit#breadcrumb\"},\"inLanguage\":\"pt-BR\",\"potentialAction\":[{\"@type\":\"ReadAction\",\"target\":[\"https:\/\/develop.spamexperts.com\/pt-br\/resources\/press-kit\"]}]},{\"@type\":\"BreadcrumbList\",\"@id\":\"https:\/\/develop.spamexperts.com\/pt-br\/resources\/press-kit#breadcrumb\",\"itemListElement\":[{\"@type\":\"ListItem\",\"position\":1,\"name\":\"Home\",\"item\":\"https:\/\/develop.spamexperts.com\/pt-br\"},{\"@type\":\"ListItem\",\"position\":2,\"name\":\"Press Kit\"}]},{\"@type\":\"WebSite\",\"@id\":\"https:\/\/develop.spamexperts.com\/pt-br\/#website\",\"url\":\"https:\/\/develop.spamexperts.com\/pt-br\/\",\"name\":\"SpamExperts\",\"description\":\"\",\"potentialAction\":[{\"@type\":\"SearchAction\",\"target\":{\"@type\":\"EntryPoint\",\"urlTemplate\":\"https:\/\/develop.spamexperts.com\/pt-br\/?s={search_term_string}\"},\"query-input\":{\"@type\":\"PropertyValueSpecification\",\"valueRequired\":true,\"valueName\":\"search_term_string\"}}],\"inLanguage\":\"pt-BR\"}]}<\/script>\n<!-- \/ Yoast SEO Premium plugin. -->","yoast_head_json":{"title":"SpamExperts Kit para Imprensa","description":"Fa\u00e7a download do logotipo e dos materiais de marketing da N-able spamexperts para escrever sobre n\u00f3s e informar seus clientes sobre nossos servi\u00e7os.","robots":{"index":"noindex","follow":"follow","max-snippet":"max-snippet:-1","max-image-preview":"max-image-preview:large","max-video-preview":"max-video-preview:-1"},"og_locale":"pt_BR","og_type":"article","og_title":"Press Kit","og_description":"Fa\u00e7a download do logotipo e dos materiais de marketing da N-able spamexperts para escrever sobre n\u00f3s e informar seus clientes sobre nossos servi\u00e7os.","og_url":"https:\/\/develop.spamexperts.com\/pt-br\/resources\/press-kit","og_site_name":"SpamExperts","article_modified_time":"2025-05-20T18:58:10+00:00","twitter_card":"summary_large_image","schema":{"@context":"https:\/\/schema.org","@graph":[{"@type":"WebPage","@id":"https:\/\/develop.spamexperts.com\/pt-br\/resources\/press-kit","url":"https:\/\/develop.spamexperts.com\/pt-br\/resources\/press-kit","name":"SpamExperts Kit para Imprensa","isPartOf":{"@id":"https:\/\/develop.spamexperts.com\/pt-br\/#website"},"datePublished":"2025-04-23T20:58:53+00:00","dateModified":"2025-05-20T18:58:10+00:00","description":"Fa\u00e7a download do logotipo e dos materiais de marketing da N-able spamexperts para escrever sobre n\u00f3s e informar seus clientes sobre nossos servi\u00e7os.","breadcrumb":{"@id":"https:\/\/develop.spamexperts.com\/pt-br\/resources\/press-kit#breadcrumb"},"inLanguage":"pt-BR","potentialAction":[{"@type":"ReadAction","target":["https:\/\/develop.spamexperts.com\/pt-br\/resources\/press-kit"]}]},{"@type":"BreadcrumbList","@id":"https:\/\/develop.spamexperts.com\/pt-br\/resources\/press-kit#breadcrumb","itemListElement":[{"@type":"ListItem","position":1,"name":"Home","item":"https:\/\/develop.spamexperts.com\/pt-br"},{"@type":"ListItem","position":2,"name":"Press Kit"}]},{"@type":"WebSite","@id":"https:\/\/develop.spamexperts.com\/pt-br\/#website","url":"https:\/\/develop.spamexperts.com\/pt-br\/","name":"SpamExperts","description":"","potentialAction":[{"@type":"SearchAction","target":{"@type":"EntryPoint","urlTemplate":"https:\/\/develop.spamexperts.com\/pt-br\/?s={search_term_string}"},"query-input":{"@type":"PropertyValueSpecification","valueRequired":true,"valueName":"search_term_string"}}],"inLanguage":"pt-BR"}]}},"_links":{"self":[{"href":"https:\/\/develop.spamexperts.com\/pt-br\/wp-json\/wp\/v2\/pages\/2546","targetHints":{"allow":["GET"]}}],"collection":[{"href":"https:\/\/develop.spamexperts.com\/pt-br\/wp-json\/wp\/v2\/pages"}],"about":[{"href":"https:\/\/develop.spamexperts.com\/pt-br\/wp-json\/wp\/v2\/types\/page"}],"author":[{"embeddable":true,"href":"https:\/\/develop.spamexperts.com\/pt-br\/wp-json\/wp\/v2\/users\/7"}],"replies":[{"embeddable":true,"href":"https:\/\/develop.spamexperts.com\/pt-br\/wp-json\/wp\/v2\/comments?post=2546"}],"version-history":[{"count":2,"href":"https:\/\/develop.spamexperts.com\/pt-br\/wp-json\/wp\/v2\/pages\/2546\/revisions"}],"predecessor-version":[{"id":2548,"href":"https:\/\/develop.spamexperts.com\/pt-br\/wp-json\/wp\/v2\/pages\/2546\/revisions\/2548"}],"up":[{"embeddable":true,"href":"https:\/\/develop.spamexperts.com\/pt-br\/wp-json\/wp\/v2\/pages\/2618"}],"wp:attachment":[{"href":"https:\/\/develop.spamexperts.com\/pt-br\/wp-json\/wp\/v2\/media?parent=2546"}],"curies":[{"name":"wp","href":"https:\/\/api.w.org\/{rel}","templated":true}]}}